{"id":28,"date":"2023-11-15T17:27:13","date_gmt":"2023-11-15T16:27:13","guid":{"rendered":"https:\/\/le16nousty.fr\/?page_id=28"},"modified":"2023-11-16T10:59:59","modified_gmt":"2023-11-16T09:59:59","slug":"coworking","status":"publish","type":"page","link":"https:\/\/le16nousty.fr\/?page_id=28","title":{"rendered":"Coworking"},"content":{"rendered":"\t\t<div data-elementor-type=\"wp-page\" data-elementor-id=\"28\" class=\"elementor elementor-28\">\n\t\t\t\t<div class=\"elementor-element elementor-element-bfa42ad e-flex e-con-boxed e-con e-parent\" data-id=\"bfa42ad\" data-element_type=\"container\" data-e-type=\"container\">\n\t\t\t\t\t<div class=\"e-con-inner\">\n\t\t\t\t<div class=\"elementor-element elementor-element-e517ea7 elementor-widget elementor-widget-text-editor\" data-id=\"e517ea7\" data-element_type=\"widget\" data-e-type=\"widget\" data-widget_type=\"text-editor.default\">\n\t\t\t\t<div class=\"elementor-widget-container\">\n\t\t\t\t\t\t\t\t\t<p>Un espace de coworking (ou espace de travail partag\u00e9), permet \u00e0 ses membres appel\u00e9s les coworkers, de disposer d&rsquo;un lieu de travail flexible, et de favoriser les rencontres entre eux et ainsi de les sortir de leur isolement.<\/p><p>Il s&rsquo;agit dans la plupart des cas d&rsquo;un espace de travail ouvert et convivial, qui facilite les \u00e9changes de comp\u00e9tences, les partenariats, la cr\u00e9ativit\u00e9, voire l&rsquo;\u00e9mergence de projets communs.<\/p><p>Le coworking s&rsquo;adresse aux cr\u00e9ateurs d&rsquo;entreprises, travailleurs ind\u00e9pendants, \u00e9tudiants, demandeurs d&#8217;emploi, t\u00e9l\u00e9travailleurs, chercheurs, startupers, artistes, etc. en mal d&rsquo;un lieu de travail et d&rsquo;\u00e9changes.<\/p><p>Il permet de r\u00e9inventer l&rsquo;espace de travail en mettant en avant l&rsquo;esprit de communaut\u00e9 et l&rsquo;\u00e9change entre pairs mais aussi entre personnes d&rsquo;horizons diff\u00e9rents.<\/p><p>A l&rsquo;origine, le coworking int\u00e9ressait les entreprises innovantes, mais des entreprises d&rsquo;autres secteurs y installent aujourd&rsquo;hui certains de leurs services pour sa flexibilit\u00e9 et le go\u00fbt des nouvelles g\u00e9n\u00e9rations pour ces lieux de travail (souplesse d&rsquo;occupation, design des locaux et du mobilier, services, proximit\u00e9 du domicile, etc).<\/p><p>Les espaces de coworking ne sont plus seulement d\u00e9di\u00e9s au secteur du digital ; de m\u00eame ils deviennent des lieux de vie et non plus seulement des lieux de travail.<\/p><p>Mise \u00e0 disposition d&rsquo;un lieu de travail<\/p>\t\t\t\t\t\t\t\t<\/div>\n\t\t\t\t<\/div>\n\t\t\t\t\t<\/div>\n\t\t\t\t<\/div>\n\t\t<div class=\"elementor-element elementor-element-77451b6 e-flex e-con-boxed e-con e-parent\" data-id=\"77451b6\" data-element_type=\"container\" data-e-type=\"container\">\n\t\t\t\t\t<div class=\"e-con-inner\">\n\t\t\t\t<div class=\"elementor-element elementor-element-3fdae77 elementor-widget elementor-widget-image\" data-id=\"3fdae77\" data-element_type=\"widget\" data-e-type=\"widget\" data-widget_type=\"image.default\">\n\t\t\t\t<div class=\"elementor-widget-container\">\n\t\t\t\t\t\t\t\t\t\t\t\t\t\t\t<img fetchpriority=\"high\" decoding=\"async\" width=\"640\" height=\"427\" src=\"https:\/\/le16nousty.fr\/wp-content\/uploads\/2023\/11\/Coworking-3-1024x683.jpg\" class=\"attachment-large size-large wp-image-115\" alt=\"\" srcset=\"https:\/\/le16nousty.fr\/wp-content\/uploads\/2023\/11\/Coworking-3-1024x683.jpg 1024w, https:\/\/le16nousty.fr\/wp-content\/uploads\/2023\/11\/Coworking-3-300x200.jpg 300w, https:\/\/le16nousty.fr\/wp-content\/uploads\/2023\/11\/Coworking-3-768x512.jpg 768w, https:\/\/le16nousty.fr\/wp-content\/uploads\/2023\/11\/Coworking-3-1536x1024.jpg 1536w, https:\/\/le16nousty.fr\/wp-content\/uploads\/2023\/11\/Coworking-3-2048x1366.jpg 2048w\" sizes=\"(max-width: 640px) 100vw, 640px\" \/>\t\t\t\t\t\t\t\t\t\t\t\t\t\t\t<\/div>\n\t\t\t\t<\/div>\n\t\t\t\t\t<\/div>\n\t\t\t\t<\/div>\n\t\t<div class=\"elementor-element elementor-element-898dd44 e-flex e-con-boxed e-con e-parent\" data-id=\"898dd44\" data-element_type=\"container\" data-e-type=\"container\">\n\t\t\t\t\t<div class=\"e-con-inner\">\n\t\t\t\t<div class=\"elementor-element elementor-element-a3f0efb elementor-arrows-position-inside elementor-pagination-position-outside elementor-widget elementor-widget-image-carousel\" data-id=\"a3f0efb\" data-element_type=\"widget\" data-e-type=\"widget\" data-settings=\"{&quot;navigation&quot;:&quot;both&quot;,&quot;autoplay&quot;:&quot;yes&quot;,&quot;pause_on_hover&quot;:&quot;yes&quot;,&quot;pause_on_interaction&quot;:&quot;yes&quot;,&quot;autoplay_speed&quot;:5000,&quot;infinite&quot;:&quot;yes&quot;,&quot;speed&quot;:500}\" data-widget_type=\"image-carousel.default\">\n\t\t\t\t<div class=\"elementor-widget-container\">\n\t\t\t\t\t\t\t<div class=\"elementor-image-carousel-wrapper swiper\" role=\"region\" aria-roledescription=\"carousel\" aria-label=\"Carrousel d\u2019images\" dir=\"ltr\">\n\t\t\t<div class=\"elementor-image-carousel swiper-wrapper\" aria-live=\"off\">\n\t\t\t\t\t\t\t\t<div class=\"swiper-slide\" role=\"group\" aria-roledescription=\"slide\" aria-label=\"1 sur 2\"><figure class=\"swiper-slide-inner\"><img decoding=\"async\" class=\"swiper-slide-image\" src=\"https:\/\/le16nousty.fr\/wp-content\/uploads\/2023\/11\/Derelle-logo-150x150.jpg\" alt=\"Derelle-logo\" \/><\/figure><\/div><div class=\"swiper-slide\" role=\"group\" aria-roledescription=\"slide\" aria-label=\"2 sur 2\"><figure class=\"swiper-slide-inner\"><img decoding=\"async\" class=\"swiper-slide-image\" src=\"https:\/\/le16nousty.fr\/wp-content\/uploads\/2023\/11\/Coworking-3-150x150.jpg\" alt=\"Coworking-3\" \/><\/figure><\/div>\t\t\t<\/div>\n\t\t\t\t\t\t\t\t\t\t\t\t<div class=\"elementor-swiper-button elementor-swiper-button-prev\" role=\"button\" tabindex=\"0\">\n\t\t\t\t\t\t<svg aria-hidden=\"true\" class=\"e-font-icon-svg e-eicon-chevron-left\" viewBox=\"0 0 1000 1000\" xmlns=\"http:\/\/www.w3.org\/2000\/svg\"><path d=\"M646 125C629 125 613 133 604 142L308 442C296 454 292 471 292 487 292 504 296 521 308 533L604 854C617 867 629 875 646 875 663 875 679 871 692 858 704 846 713 829 713 812 713 796 708 779 692 767L438 487 692 225C700 217 708 204 708 187 708 171 704 154 692 142 675 129 663 125 646 125Z\"><\/path><\/svg>\t\t\t\t\t<\/div>\n\t\t\t\t\t<div class=\"elementor-swiper-button elementor-swiper-button-next\" role=\"button\" tabindex=\"0\">\n\t\t\t\t\t\t<svg aria-hidden=\"true\" class=\"e-font-icon-svg e-eicon-chevron-right\" viewBox=\"0 0 1000 1000\" xmlns=\"http:\/\/www.w3.org\/2000\/svg\"><path d=\"M696 533C708 521 713 504 713 487 713 471 708 454 696 446L400 146C388 133 375 125 354 125 338 125 325 129 313 142 300 154 292 171 292 187 292 204 296 221 308 233L563 492 304 771C292 783 288 800 288 817 288 833 296 850 308 863 321 871 338 875 354 875 371 875 388 867 400 854L696 533Z\"><\/path><\/svg>\t\t\t\t\t<\/div>\n\t\t\t\t\n\t\t\t\t\t\t\t\t\t<div class=\"swiper-pagination\"><\/div>\n\t\t\t\t\t\t\t\t\t<\/div>\n\t\t\t\t\t\t<\/div>\n\t\t\t\t<\/div>\n\t\t\t\t\t<\/div>\n\t\t\t\t<\/div>\n\t\t\t\t<\/div>\n\t\t","protected":false},"excerpt":{"rendered":"<p>Un espace de coworking (ou espace de travail partag\u00e9), permet \u00e0 ses membres appel\u00e9s les coworkers, de disposer d&rsquo;un lieu de travail flexible, et de favoriser les rencontres entre eux et ainsi de les sortir de leur isolement. Il s&rsquo;agit dans la plupart des cas d&rsquo;un espace de travail ouvert et convivial, qui facilite les &hellip; <\/p>\n<p class=\"link-more\"><a href=\"https:\/\/le16nousty.fr\/?page_id=28\" class=\"more-link\">Read More<span class=\"screen-reader-text\"> \u00ab\u00a0Coworking\u00a0\u00bb<\/span><\/a><\/p>\n","protected":false},"author":1,"featured_media":0,"parent":0,"menu_order":0,"comment_status":"closed","ping_status":"closed","template":"","meta":{"pagelayer_contact_templates":[],"_pagelayer_content":"","footnotes":""},"class_list":["post-28","page","type-page","status-publish","hentry"],"_links":{"self":[{"href":"https:\/\/le16nousty.fr\/index.php?rest_route=\/wp\/v2\/pages\/28","targetHints":{"allow":["GET"]}}],"collection":[{"href":"https:\/\/le16nousty.fr\/index.php?rest_route=\/wp\/v2\/pages"}],"about":[{"href":"https:\/\/le16nousty.fr\/index.php?rest_route=\/wp\/v2\/types\/page"}],"author":[{"embeddable":true,"href":"https:\/\/le16nousty.fr\/index.php?rest_route=\/wp\/v2\/users\/1"}],"replies":[{"embeddable":true,"href":"https:\/\/le16nousty.fr\/index.php?rest_route=%2Fwp%2Fv2%2Fcomments&post=28"}],"version-history":[{"count":10,"href":"https:\/\/le16nousty.fr\/index.php?rest_route=\/wp\/v2\/pages\/28\/revisions"}],"predecessor-version":[{"id":128,"href":"https:\/\/le16nousty.fr\/index.php?rest_route=\/wp\/v2\/pages\/28\/revisions\/128"}],"wp:attachment":[{"href":"https:\/\/le16nousty.fr\/index.php?rest_route=%2Fwp%2Fv2%2Fmedia&parent=28"}],"curies":[{"name":"wp","href":"https:\/\/api.w.org\/{rel}","templated":true}]}}